{"id":11,"date":"2024-06-24T19:06:08","date_gmt":"2024-06-24T19:06:08","guid":{"rendered":"https:\/\/monotoni.se\/bass\/about-us\/"},"modified":"2024-09-01T09:49:27","modified_gmt":"2024-09-01T09:49:27","slug":"about-us","status":"publish","type":"page","link":"https:\/\/monotoni.se\/bass\/about-us\/","title":{"rendered":"Om Billy Rimgard"},"content":{"rendered":"\n<div style=\"color:#ddd\" class=\"wp-block-genesis-blocks-gb-spacer gb-block-spacer gb-divider-solid gb-divider-size-1\"><hr style=\"height:29px\"\/><\/div>\n\n\n\n<figure class=\"wp-block-image size-large\"><img loading=\"lazy\" decoding=\"async\" width=\"1024\" height=\"269\" src=\"https:\/\/monotoni.se\/bass\/wp-content\/uploads\/2024\/09\/Screenshot-2024-09-01-at-11.48.47-1024x269.png\" alt=\"\" class=\"wp-image-97\" srcset=\"https:\/\/monotoni.se\/bass\/wp-content\/uploads\/2024\/09\/Screenshot-2024-09-01-at-11.48.47-1024x269.png 1024w, https:\/\/monotoni.se\/bass\/wp-content\/uploads\/2024\/09\/Screenshot-2024-09-01-at-11.48.47-300x79.png 300w, https:\/\/monotoni.se\/bass\/wp-content\/uploads\/2024\/09\/Screenshot-2024-09-01-at-11.48.47-768x202.png 768w, https:\/\/monotoni.se\/bass\/wp-content\/uploads\/2024\/09\/Screenshot-2024-09-01-at-11.48.47.png 1264w\" sizes=\"auto, (max-width: 1024px) 100vw, 1024px\" \/><\/figure>\n\n\n\n<div class=\"wp-block-columns has-2-columns is-layout-flex wp-container-core-columns-is-layout-9d6595d7 wp-block-columns-is-layout-flex\">\n<div class=\"wp-block-column is-layout-flow wp-block-column-is-layout-flow\">\n<p>H\u00e4r fanns en blogg 2004-2012 som levde ett liv. Numera \u00e4r det en dagbok. Jag har kladdat med olika former av text och ljud r\u00e4tt l\u00e4nge. Jag tror det kommer att forts\u00e4tta. Lyssna p\u00e5 <a href=\"https:\/\/open.spotify.com\/album\/7bo8KOqoXsSiajwmBDaerz\">min musik<\/a> eller <a href=\"https:\/\/www.odpod.se\/\">min podd<\/a>.<\/p>\n<\/div>\n\n\n\n<div class=\"wp-block-column is-layout-flow wp-block-column-is-layout-flow\">\n<h2 class=\"wp-block-heading has-text-align-right\" id=\"mce_9\">Kontakt<\/h2>\n\n\n\n<p class=\"has-text-align-right\"> kontakt@monotoni.se<\/p>\n\n\n\n<p class=\"has-text-align-right\"><br><br><\/p>\n<\/div>\n<\/div>\n\n\n\n<h2 class=\"wp-block-heading\">Katalog i urval<\/h2>\n\n\n\n<p>2024:<br><em>Soundtrack<\/em>, f\u00f6r dokument\u00e4ren &#8221;Passageraren i s\u00e4te 17H&#8221;<br><em>Album<\/em>, <strong>Fr\u00f6n\u00e4s<\/strong> &#8211; &#8221;Take the Scenic Route&#8221;<\/p>\n\n\n\n<p>2023:<br><em>Pop<\/em>, <strong>Halv storm<\/strong> &#8211; &#8221;Tysta kyrkan&#8221;, &#8221;Skitv\u00e4rld&#8221;, &#8221;Av jord&#8221;, &#8221;Heja hatet&#8221;<\/p>\n\n\n\n<p>2021:<br><em>Soundtrack<\/em>, f\u00f6r dokument\u00e4ren &#8221;Gabrielland&#8221;<br><em>Poddserie<\/em>, &#8221;Eldfesten&#8221;<\/p>\n\n\n\n<p>2019:<br><em>Album<\/em>, <strong>Fr\u00f6n\u00e4s<\/strong> &#8211; &#8221;Moored&#8221;<\/p>\n\n\n\n<p>2018:<br><em>Album<\/em>, <strong>Fr\u00f6n\u00e4s<\/strong> &#8211; &#8221;That Light, As the Door Closed&#8221;<\/p>\n\n\n\n<p>2017:<br><em>Album<\/em>, <strong>Fr\u00f6n\u00e4s<\/strong> &#8211; &#8221;Grains&#8221;<\/p>\n\n\n\n<p>2013:<br><em>Radiodokument\u00e4r<\/em>, &#8221;Festen forts\u00e4tter&#8221; &#8211; om svensk pop p\u00e5 00-talet<\/p>\n\n\n\n<p>2012:<br><em>Ess\u00e4serie<\/em>, &#8221;3:25,290 &#8211; En subjektiv ber\u00e4ttelse om svensk indie 1999-2009&#8221;<\/p>\n\n\n\n<p>2011:<br><em>Bok<\/em>, &#8221;Allez! Allez! Socialgrupp tre!&#8221;<\/p>\n\n\n\n<p>2010 &#8211; p\u00e5g\u00e5r:<br><em>Podd<\/em>, <strong>Obiter Dictum<\/strong>, ursprunglig premi\u00e4r<\/p>\n","protected":false},"excerpt":{"rendered":"<p>H\u00e4r fanns en blogg 2004-2012 som levde ett liv. Numera \u00e4r det en dagbok. Jag har kladdat med olika former av text och ljud r\u00e4tt l\u00e4nge. Jag tror det kommer att forts\u00e4tta. Lyssna p\u00e5 min musik eller min podd. Kontakt kontakt@monotoni.se Katalog i urval 2024:Soundtrack, f\u00f6r dokument\u00e4ren &#8221;Passageraren i s\u00e4te 17H&#8221;Album, Fr\u00f6n\u00e4s &#8211; &#8221;Take the [&hellip;]<\/p>\n","protected":false},"author":1,"featured_media":12,"parent":0,"menu_order":0,"comment_status":"closed","ping_status":"closed","template":"","meta":{"_genesis_hide_title":false,"_genesis_hide_breadcrumbs":false,"_genesis_hide_singular_image":true,"_genesis_hide_footer_widgets":false,"_genesis_custom_body_class":"","_genesis_custom_post_class":"","_genesis_layout":"full-width-content","footnotes":""},"class_list":{"0":"post-11","1":"page","2":"type-page","3":"status-publish","4":"has-post-thumbnail","6":"entry"},"featured_image_src":"https:\/\/monotoni.se\/bass\/wp-content\/uploads\/2024\/06\/about-600x400.jpg","featured_image_src_square":"https:\/\/monotoni.se\/bass\/wp-content\/uploads\/2024\/06\/about-600x600.jpg","_links":{"self":[{"href":"https:\/\/monotoni.se\/bass\/wp-json\/wp\/v2\/pages\/11","targetHints":{"allow":["GET"]}}],"collection":[{"href":"https:\/\/monotoni.se\/bass\/wp-json\/wp\/v2\/pages"}],"about":[{"href":"https:\/\/monotoni.se\/bass\/wp-json\/wp\/v2\/types\/page"}],"author":[{"embeddable":true,"href":"https:\/\/monotoni.se\/bass\/wp-json\/wp\/v2\/users\/1"}],"replies":[{"embeddable":true,"href":"https:\/\/monotoni.se\/bass\/wp-json\/wp\/v2\/comments?post=11"}],"version-history":[{"count":2,"href":"https:\/\/monotoni.se\/bass\/wp-json\/wp\/v2\/pages\/11\/revisions"}],"predecessor-version":[{"id":98,"href":"https:\/\/monotoni.se\/bass\/wp-json\/wp\/v2\/pages\/11\/revisions\/98"}],"wp:featuredmedia":[{"embeddable":true,"href":"https:\/\/monotoni.se\/bass\/wp-json\/wp\/v2\/media\/12"}],"wp:attachment":[{"href":"https:\/\/monotoni.se\/bass\/wp-json\/wp\/v2\/media?parent=11"}],"curies":[{"name":"wp","href":"https:\/\/api.w.org\/{rel}","templated":true}]}}